{"id":46,"date":"2024-10-29T19:36:39","date_gmt":"2024-10-29T18:36:39","guid":{"rendered":"https:\/\/elub.mx\/lubricantes_industriales\/?page_id=46"},"modified":"2024-11-29T21:04:41","modified_gmt":"2024-11-29T20:04:41","slug":"elub-expertos-en-lubricantes-industriales","status":"publish","type":"page","link":"https:\/\/elub.mx\/lubricantes_industriales\/","title":{"rendered":"Elub Expertos en lubricantes industriales"},"content":{"rendered":"<div class=\"wpb-content-wrapper\"><p>[vc_row full_width=\u00bbstretch_row\u00bb css=\u00bb.vc_custom_1730227252870{border-bottom-width: 14px !important;background-image: url(https:\/\/elub.mx\/lubricantes_industriales\/wp-content\/uploads\/2024\/10\/Elub_Lubricantes_industriales-banner-1.png?id=11) !important;background-position: center !important;background-repeat: no-repeat !important;background-size: cover !important;border-bottom-color: #fe000c !important;border-bottom-style: solid !important;}\u00bb][vc_column][vc_row_inner][vc_column_inner width=\u00bb1\/6&#8243;][\/vc_column_inner][vc_column_inner width=\u00bb2\/3&#8243;]<style type=\"text\/css\" data-type=\"the7_shortcodes-inline-css\">.shortcode-single-image-wrap.shortcode-single-image-5dd7a7679a36964e73ddc1832768e2c9.enable-bg-rollover .rollover i,\n.shortcode-single-image-wrap.shortcode-single-image-5dd7a7679a36964e73ddc1832768e2c9.enable-bg-rollover .rollover-video i {\n  background: -webkit-linear-gradient();\n  background: linear-gradient();\n}\n.shortcode-single-image-wrap.shortcode-single-image-5dd7a7679a36964e73ddc1832768e2c9 .rollover-icon {\n  font-size: 32px;\n  color: #ffffff;\n  min-width: 44px;\n  min-height: 44px;\n  line-height: 44px;\n  border-radius: 100px;\n  border-style: solid;\n  border-width: 0px;\n}\n.dt-icon-bg-on.shortcode-single-image-wrap.shortcode-single-image-5dd7a7679a36964e73ddc1832768e2c9 .rollover-icon {\n  background: rgba(255,255,255,0.3);\n  box-shadow: none;\n}\n<\/style><div class=\"shortcode-single-image-wrap shortcode-single-image-5dd7a7679a36964e73ddc1832768e2c9 alignnone  enable-bg-rollover dt-icon-bg-off\" style=\"margin-top:0px; margin-bottom:0px; margin-left:0px; margin-right:0px; width:500px;\"><div class=\"shortcode-single-image\"><div class=\"fancy-media-wrap  layzr-bg\" style=\"\"><img decoding=\"async\" class=\"preload-me lazy-load aspect\" src=\"data:image\/svg+xml,%3Csvg%20xmlns%3D&#39;http%3A%2F%2Fwww.w3.org%2F2000%2Fsvg&#39;%20viewBox%3D&#39;0%200%20227%2081&#39;%2F%3E\" data-src=\"https:\/\/elub.mx\/lubricantes_industriales\/wp-content\/uploads\/2024\/10\/Elub_Lubricantes_industriales-footer.png\" data-srcset=\"https:\/\/elub.mx\/lubricantes_industriales\/wp-content\/uploads\/2024\/10\/Elub_Lubricantes_industriales-footer.png 227w\" loading=\"eager\" sizes=\"(max-width: 227px) 100vw, 227px\" width=\"227\" height=\"81\"  data-dt-location=\"https:\/\/elub.mx\/lubricantes_industriales\/elub_lubricantes_industriales-footer\/\" style=\"--ratio: 227 \/ 81;\" alt=\"\" \/><\/div><\/div><\/div>[vc_empty_space][vc_custom_heading text=\u00bb<b>Optimiza tus procesos con<\/b><br \/>\nlos expertos en lubricantes industriales\u00bb font_container=\u00bbtag:h1|text_align:center|color:%23ffffff\u00bb use_theme_fonts=\u00bbyes\u00bb][\/vc_column_inner][vc_column_inner width=\u00bb1\/6&#8243;]<div class=\" ubtn-ctn-center \"><a class=\"ubtn-link ult-adjust-bottom-margin ubtn-center ubtn-normal \" href=\"https:\/\/wa.me\/+525549673145\" title=\"ELUB ACEITES INDUSTRIALES\" target=\"_blank\" rel=\"noopener\" ><button type=\"button\" id=\"ubtn-4773\"  class=\"ubtn ult-adjust-bottom-margin ult-responsive ubtn-normal ubtn-no-hover-bg  ulta-grow  ubtn-center   tooltip-69d0fc3a3fb13\"  data-hover=\"\" data-border-color=\"#ffffff\" data-bg=\"rgba(224,224,224,0.01)\" data-hover-bg=\"\" data-border-hover=\"#ffffff\" data-shadow-hover=\"\" data-shadow-click=\"none\" data-shadow=\"\" data-shd-shadow=\"\"  data-ultimate-target='#ubtn-4773'  data-responsive-json-new='{\"font-size\":\"desktop:16px;\",\"line-height\":\"\"}'  style=\"font-weight:bold;border-radius:25px;border-width:1px;border-color:#ffffff;border-style:solid;background: rgba(224,224,224,0.01);color: #ffffff;\"><span class=\"ubtn-hover\" style=\"background-color:\"><\/span><span class=\"ubtn-data ubtn-text \" >CONTACTO<\/span><\/button><\/a><\/div>[\/vc_column_inner][\/vc_row_inner][vc_empty_space][\/vc_column][\/vc_row][vc_row gap=\u00bb35&#8243;][vc_column width=\u00bb1\/2&#8243;][vc_custom_heading text=\u00bbEn ELUB, distribuimos los lubricantes Mobil que mantienen tu maquinaria operando <b>al m\u00e1ximo.<\/b>\u00bb font_container=\u00bbtag:h3|text_align:left\u00bb use_theme_fonts=\u00bbyes\u00bb][vc_empty_space][vc_custom_heading text=\u00bb<b>\u00bfPOR QU\u00c9<\/b> ELEGIRNOS?\u00bb use_theme_fonts=\u00bbyes\u00bb][vc_empty_space height=\u00bb15px\u00bb][vc_column_text]<img loading=\"lazy\" decoding=\"async\" class=\"size-full wp-image-20 alignleft\" src=\"https:\/\/elub.mx\/lubricantes_industriales\/wp-content\/uploads\/2024\/10\/Elub_Lubricantes_industriales-bajos-costos.png\" alt=\"\" width=\"85\" height=\"85\" \/><\/p>\n<p style=\"text-align: justify;\"><strong>Reducci\u00f3n de costos:<\/strong> Cambia menos veces el aceite y disminuye las reparaciones con lubricantes de mayor rendimiento.<\/p>\n<p>[\/vc_column_text][vc_column_text]<img loading=\"lazy\" decoding=\"async\" class=\"wp-image-19 size-full alignleft\" src=\"https:\/\/elub.mx\/lubricantes_industriales\/wp-content\/uploads\/2024\/10\/Elub_Lubricantes_industriales-expertos.png\" alt=\"\" width=\"85\" height=\"85\" \/><\/p>\n<p style=\"text-align: justify;\"><strong>Asesor\u00eda de expertos:<\/strong> Nuestros ingenieros certificados por Mobil te acompa\u00f1an en la implementaci\u00f3n y capacitaci\u00f3n para mejorar tus procesos.<\/p>\n<p>[\/vc_column_text][vc_column_text]<img loading=\"lazy\" decoding=\"async\" class=\"wp-image-18 size-full alignleft\" src=\"https:\/\/elub.mx\/lubricantes_industriales\/wp-content\/uploads\/2024\/10\/Elub_Lubricantes_industriales-garantia.png\" alt=\"\" width=\"85\" height=\"85\" \/><\/p>\n<p style=\"text-align: justify;\"><strong>Garant\u00eda de calidad:<\/strong> Lubricantes dise\u00f1ados para operar bajo las condiciones m\u00e1s exigentes, protegiendo tu maquinaria y asegurando el cumplimiento de tus metas de producci\u00f3n.<\/p>\n<p>[\/vc_column_text][\/vc_column][vc_column width=\u00bb1\/2&#8243;][vc_custom_heading text=\u00bb<b>CONF\u00cdA EN LOS EXPERTOS<\/b>\u00bb font_container=\u00bbtag:h2|text_align:center\u00bb use_theme_fonts=\u00bbyes\u00bb][vc_custom_heading text=\u00bbCompleta el formulario y recibe asesor\u00eda personalizada.\u00bb font_container=\u00bbtag:h3|text_align:center\u00bb use_theme_fonts=\u00bbyes\u00bb][vc_empty_space][vc_row_inner css=\u00bb.vc_custom_1730227750418{border: 1px solid #d9d9d9 !important;}\u00bb][vc_column_inner]\n<div class=\"wpcf7 no-js\" id=\"wpcf7-f73-o1\" lang=\"es-ES\" dir=\"ltr\" data-wpcf7-id=\"73\">\n<div class=\"screen-reader-response\"><p role=\"status\" aria-live=\"polite\" aria-atomic=\"true\"><\/p> <ul><\/ul><\/div>\n<form action=\"\/lubricantes_industriales\/wp-json\/wp\/v2\/pages\/46#wpcf7-f73-o1\" method=\"post\" class=\"wpcf7-form init\" aria-label=\"Formulario de contacto\" novalidate=\"novalidate\" data-status=\"init\">\n<div style=\"display: none;\">\n<input type=\"hidden\" name=\"_wpcf7\" value=\"73\" \/>\n<input type=\"hidden\" name=\"_wpcf7_version\" value=\"6.0.6\" \/>\n<input type=\"hidden\" name=\"_wpcf7_locale\" value=\"es_ES\" \/>\n<input type=\"hidden\" name=\"_wpcf7_unit_tag\" value=\"wpcf7-f73-o1\" \/>\n<input type=\"hidden\" name=\"_wpcf7_container_post\" value=\"0\" \/>\n<input type=\"hidden\" name=\"_wpcf7_posted_data_hash\" value=\"\" \/>\n<input type=\"hidden\" name=\"_wpcf7_recaptcha_response\" value=\"\" \/>\n<\/div>\n<div id=\"responsive-form\" class=\"clearfix\">\n\t<div class=\"form-row\">\n\t\t<div class=\"column-half\">\n\t\t\t<p><span style=\"color: #1D1D1D;\">Nombre Completo<\/span><span class=\"wpcf7-form-control-wrap\" data-name=\"your-name\"><input size=\"40\" maxlength=\"400\" class=\"wpcf7-form-control wpcf7-text wpcf7-validates-as-required\" autocomplete=\"name\" aria-required=\"true\" aria-invalid=\"false\" value=\"\" type=\"text\" name=\"your-name\" \/><\/span>\n\t\t\t<\/p>\n\t\t<\/div>\n\t\t<div class=\"column-half\">\n\t\t\t<p><span style=\"color: #1D1D1D;\">Email<\/span><span class=\"wpcf7-form-control-wrap\" data-name=\"your-email\"><input size=\"40\" maxlength=\"400\" class=\"wpcf7-form-control wpcf7-email wpcf7-validates-as-required wpcf7-text wpcf7-validates-as-email\" autocomplete=\"email\" aria-required=\"true\" aria-invalid=\"false\" value=\"\" type=\"email\" name=\"your-email\" \/><\/span>\n\t\t\t<\/p>\n\t\t<\/div>\n\t<\/div>\n\t<div class=\"form-row\">\n\t\t<div class=\"column-half\">\n\t\t\t<p><span style=\"color: #1D1D1D;\">Tel\u00e9fono<\/span><span class=\"wpcf7-form-control-wrap\" data-name=\"your-phone\"><input size=\"40\" maxlength=\"400\" class=\"wpcf7-form-control wpcf7-tel wpcf7-validates-as-required wpcf7-text wpcf7-validates-as-tel\" aria-required=\"true\" aria-invalid=\"false\" value=\"\" type=\"tel\" name=\"your-phone\" \/><\/span>\n\t\t\t<\/p>\n\t\t<\/div>\n\t\t<div class=\"column-half\">\n\t\t\t<p><span style=\"color: #1D1D1D;\">Empresa<\/span><span class=\"wpcf7-form-control-wrap\" data-name=\"empresa\"><input size=\"40\" maxlength=\"400\" class=\"wpcf7-form-control wpcf7-text wpcf7-validates-as-required\" aria-required=\"true\" aria-invalid=\"false\" value=\"\" type=\"text\" name=\"empresa\" \/><\/span>\n\t\t\t<\/p>\n\t\t<\/div>\n\t<\/div>\n\t<div class=\"form-row\">\n\t\t<div class=\"column-full\">\n\t\t\t<p><input class=\"wpcf7-form-control wpcf7-submit has-spinner\" type=\"submit\" value=\"Enviar\" \/>\n\t\t\t<\/p>\n\t\t<\/div>\n\t<\/div>\n<\/div><!--end responsive-form--><div class=\"wpcf7-response-output\" aria-hidden=\"true\"><\/div>\n<\/form>\n<\/div>\n[\/vc_column_inner][\/vc_row_inner][\/vc_column][\/vc_row]<\/p>\n<\/div>","protected":false},"excerpt":{"rendered":"<p>[vc_row full_width=\u00bbstretch_row\u00bb css=\u00bb.vc_custom_1730227252870{border-bottom-width: 14px !important;background-image: url(https:\/\/elub.mx\/lubricantes_industriales\/wp-content\/uploads\/2024\/10\/Elub_Lubricantes_industriales-banner-1.png?id=11) !important;background-position: center !important;background-repeat: no-repeat !important;background-size: cover !important;border-bottom-color: #fe000c !important;border-bottom-style: solid !important;}\u00bb][vc_column][vc_row_inner][vc_column_inner width=\u00bb1\/6&#8243;][\/vc_column_inner][vc_column_inner width=\u00bb2\/3&#8243;][vc_empty_space][vc_custom_heading text=\u00bbOptimiza tus procesos con los expertos en lubricantes industriales\u00bb font_container=\u00bbtag:h1|text_align:center|color:%23ffffff\u00bb use_theme_fonts=\u00bbyes\u00bb][\/vc_column_inner][vc_column_inner width=\u00bb1\/6&#8243;][\/vc_column_inner][\/vc_row_inner][vc_empty_space][\/vc_column][\/vc_row][vc_row gap=\u00bb35&#8243;][vc_column width=\u00bb1\/2&#8243;][vc_custom_heading text=\u00bbEn ELUB, distribuimos los lubricantes Mobil que mantienen tu maquinaria operando al m\u00e1ximo.\u00bb font_container=\u00bbtag:h3|text_align:left\u00bb use_theme_fonts=\u00bbyes\u00bb][vc_empty_space][vc_custom_heading text=\u00bb\u00bfPOR QU\u00c9 ELEGIRNOS?\u00bb use_theme_fonts=\u00bbyes\u00bb][vc_empty_space height=\u00bb15px\u00bb][vc_column_text] Reducci\u00f3n de&hellip;<\/p>\n","protected":false},"author":1,"featured_media":0,"parent":0,"menu_order":0,"comment_status":"closed","ping_status":"closed","template":"template-microsite.php","meta":{"footnotes":""},"class_list":["post-46","page","type-page","status-publish","hentry","description-off"],"_links":{"self":[{"href":"https:\/\/elub.mx\/lubricantes_industriales\/wp-json\/wp\/v2\/pages\/46","targetHints":{"allow":["GET"]}}],"collection":[{"href":"https:\/\/elub.mx\/lubricantes_industriales\/wp-json\/wp\/v2\/pages"}],"about":[{"href":"https:\/\/elub.mx\/lubricantes_industriales\/wp-json\/wp\/v2\/types\/page"}],"author":[{"embeddable":true,"href":"https:\/\/elub.mx\/lubricantes_industriales\/wp-json\/wp\/v2\/users\/1"}],"replies":[{"embeddable":true,"href":"https:\/\/elub.mx\/lubricantes_industriales\/wp-json\/wp\/v2\/comments?post=46"}],"version-history":[{"count":7,"href":"https:\/\/elub.mx\/lubricantes_industriales\/wp-json\/wp\/v2\/pages\/46\/revisions"}],"predecessor-version":[{"id":82,"href":"https:\/\/elub.mx\/lubricantes_industriales\/wp-json\/wp\/v2\/pages\/46\/revisions\/82"}],"wp:attachment":[{"href":"https:\/\/elub.mx\/lubricantes_industriales\/wp-json\/wp\/v2\/media?parent=46"}],"curies":[{"name":"wp","href":"https:\/\/api.w.org\/{rel}","templated":true}]}}