{"id":191,"date":"2025-07-03T20:01:18","date_gmt":"2025-07-03T18:01:18","guid":{"rendered":"https:\/\/elub.mx\/shop\/?page_id=191"},"modified":"2025-07-03T20:05:18","modified_gmt":"2025-07-03T18:05:18","slug":"wishlist","status":"publish","type":"page","link":"https:\/\/elub.mx\/shop\/wishlist\/","title":{"rendered":"Wishlist"},"content":{"rendered":"<div class=\"wpb-content-wrapper\"><p>[vc_row][vc_column]\t\t\n\t\t\n\t\t<div class=\"\">\n\t\t\t\t\t\t<div class=\"wd-wishlist-content\">\n\t\t\t\t\t\t\t\t\t\t\t\n\t\t<p class=\"wd-empty-wishlist wd-empty-page\">\n\t\t\tThis wishlist is empty.\t\t<\/p>\n\n\t\t\t\t\t<div class=\"wd-empty-page-text\">\n\t\t\t\tA\u00fan no tienes ning\u00fan producto en tu lista de deseos. Encontrar\u00e1s muchos productos interesantes en nuestra p\u00e1gina \"Tienda\".\t\t\t<\/div>\n\t\t\n\t\t\n\t\t\t\t\t<p class=\"return-to-shop\">\n\t\t\t\t<a class=\"button\" href=\"https:\/\/elub.mx\/shop\/tienda\/\">\n\t\t\t\t\tReturn to shop\t\t\t\t<\/a>\n\t\t\t<\/p>\n\t\t\t\t\t\t\t\t\t\t\t<\/div>\n\t\t\t\t<\/div>\n\t\t[\/vc_column][\/vc_row]<\/p>\n<\/div>","protected":false},"excerpt":{"rendered":"<p>[vc_row][vc_column][\/vc_column][\/vc_row]<\/p>\n","protected":false},"author":1,"featured_media":0,"parent":0,"menu_order":0,"comment_status":"closed","ping_status":"closed","template":"","meta":{"footnotes":""},"class_list":["post-191","page","type-page","status-publish","hentry"],"yoast_head":"<!-- This site is optimized with the Yoast SEO plugin v27.2 - https:\/\/yoast.com\/product\/yoast-seo-wordpress\/ -->\n<title>Wishlist - Elub Shop<\/title>\n<meta name=\"robots\" content=\"index, follow, max-snippet:-1, max-image-preview:large, max-video-preview:-1\" \/>\n<link rel=\"canonical\" href=\"https:\/\/elub.mx\/shop\/wishlist\/\" \/>\n<meta property=\"og:locale\" content=\"es_ES\" \/>\n<meta property=\"og:type\" content=\"article\" \/>\n<meta property=\"og:title\" content=\"Wishlist - Elub Shop\" \/>\n<meta property=\"og:description\" content=\"[vc_row][vc_column][\/vc_column][\/vc_row]\" \/>\n<meta property=\"og:url\" content=\"https:\/\/elub.mx\/shop\/wishlist\/\" \/>\n<meta property=\"og:site_name\" content=\"Elub Shop\" \/>\n<meta property=\"article:publisher\" content=\"https:\/\/www.facebook.com\/eLubcdmx\" \/>\n<meta property=\"article:modified_time\" content=\"2025-07-03T18:05:18+00:00\" \/>\n<meta name=\"twitter:card\" content=\"summary_large_image\" \/>\n<script type=\"application\/ld+json\" class=\"yoast-schema-graph\">{\"@context\":\"https:\/\/schema.org\",\"@graph\":[{\"@type\":\"WebPage\",\"@id\":\"https:\/\/elub.mx\/shop\/wishlist\/\",\"url\":\"https:\/\/elub.mx\/shop\/wishlist\/\",\"name\":\"Wishlist - Elub Shop\",\"isPartOf\":{\"@id\":\"https:\/\/elub.mx\/shop\/#website\"},\"datePublished\":\"2025-07-03T18:01:18+00:00\",\"dateModified\":\"2025-07-03T18:05:18+00:00\",\"breadcrumb\":{\"@id\":\"https:\/\/elub.mx\/shop\/wishlist\/#breadcrumb\"},\"inLanguage\":\"es\",\"potentialAction\":[{\"@type\":\"ReadAction\",\"target\":[\"https:\/\/elub.mx\/shop\/wishlist\/\"]}]},{\"@type\":\"BreadcrumbList\",\"@id\":\"https:\/\/elub.mx\/shop\/wishlist\/#breadcrumb\",\"itemListElement\":[{\"@type\":\"ListItem\",\"position\":1,\"name\":\"Portada\",\"item\":\"https:\/\/elub.mx\/shop\/\"},{\"@type\":\"ListItem\",\"position\":2,\"name\":\"Wishlist\"}]},{\"@type\":\"WebSite\",\"@id\":\"https:\/\/elub.mx\/shop\/#website\",\"url\":\"https:\/\/elub.mx\/shop\/\",\"name\":\"Elub Shop\",\"description\":\"\",\"publisher\":{\"@id\":\"https:\/\/elub.mx\/shop\/#organization\"},\"potentialAction\":[{\"@type\":\"SearchAction\",\"target\":{\"@type\":\"EntryPoint\",\"urlTemplate\":\"https:\/\/elub.mx\/shop\/?s={search_term_string}\"},\"query-input\":{\"@type\":\"PropertyValueSpecification\",\"valueRequired\":true,\"valueName\":\"search_term_string\"}}],\"inLanguage\":\"es\"},{\"@type\":\"Organization\",\"@id\":\"https:\/\/elub.mx\/shop\/#organization\",\"name\":\"Elub Shop\",\"url\":\"https:\/\/elub.mx\/shop\/\",\"logo\":{\"@type\":\"ImageObject\",\"inLanguage\":\"es\",\"@id\":\"https:\/\/elub.mx\/shop\/#\/schema\/logo\/image\/\",\"url\":\"https:\/\/elub.mx\/shop\/wp-content\/uploads\/2025\/06\/Elub-Ecommerce-logo.png\",\"contentUrl\":\"https:\/\/elub.mx\/shop\/wp-content\/uploads\/2025\/06\/Elub-Ecommerce-logo.png\",\"width\":196,\"height\":70,\"caption\":\"Elub Shop\"},\"image\":{\"@id\":\"https:\/\/elub.mx\/shop\/#\/schema\/logo\/image\/\"},\"sameAs\":[\"https:\/\/www.facebook.com\/eLubcdmx\",\"https:\/\/www.instagram.com\/mobilcdmx\/\",\"https:\/\/www.youtube.com\/channel\/UCx1-qDIyBuXTtI1Ylff9Mvg\",\"https:\/\/www.linkedin.com\/company\/energia-y-lubricantes-especializados-s-a-de-c-v\/mycompany\/\"]}]}<\/script>\n<!-- \/ Yoast SEO plugin. -->","yoast_head_json":{"title":"Wishlist - Elub Shop","robots":{"index":"index","follow":"follow","max-snippet":"max-snippet:-1","max-image-preview":"max-image-preview:large","max-video-preview":"max-video-preview:-1"},"canonical":"https:\/\/elub.mx\/shop\/wishlist\/","og_locale":"es_ES","og_type":"article","og_title":"Wishlist - Elub Shop","og_description":"[vc_row][vc_column][\/vc_column][\/vc_row]","og_url":"https:\/\/elub.mx\/shop\/wishlist\/","og_site_name":"Elub Shop","article_publisher":"https:\/\/www.facebook.com\/eLubcdmx","article_modified_time":"2025-07-03T18:05:18+00:00","twitter_card":"summary_large_image","schema":{"@context":"https:\/\/schema.org","@graph":[{"@type":"WebPage","@id":"https:\/\/elub.mx\/shop\/wishlist\/","url":"https:\/\/elub.mx\/shop\/wishlist\/","name":"Wishlist - Elub Shop","isPartOf":{"@id":"https:\/\/elub.mx\/shop\/#website"},"datePublished":"2025-07-03T18:01:18+00:00","dateModified":"2025-07-03T18:05:18+00:00","breadcrumb":{"@id":"https:\/\/elub.mx\/shop\/wishlist\/#breadcrumb"},"inLanguage":"es","potentialAction":[{"@type":"ReadAction","target":["https:\/\/elub.mx\/shop\/wishlist\/"]}]},{"@type":"BreadcrumbList","@id":"https:\/\/elub.mx\/shop\/wishlist\/#breadcrumb","itemListElement":[{"@type":"ListItem","position":1,"name":"Portada","item":"https:\/\/elub.mx\/shop\/"},{"@type":"ListItem","position":2,"name":"Wishlist"}]},{"@type":"WebSite","@id":"https:\/\/elub.mx\/shop\/#website","url":"https:\/\/elub.mx\/shop\/","name":"Elub Shop","description":"","publisher":{"@id":"https:\/\/elub.mx\/shop\/#organization"},"potentialAction":[{"@type":"SearchAction","target":{"@type":"EntryPoint","urlTemplate":"https:\/\/elub.mx\/shop\/?s={search_term_string}"},"query-input":{"@type":"PropertyValueSpecification","valueRequired":true,"valueName":"search_term_string"}}],"inLanguage":"es"},{"@type":"Organization","@id":"https:\/\/elub.mx\/shop\/#organization","name":"Elub Shop","url":"https:\/\/elub.mx\/shop\/","logo":{"@type":"ImageObject","inLanguage":"es","@id":"https:\/\/elub.mx\/shop\/#\/schema\/logo\/image\/","url":"https:\/\/elub.mx\/shop\/wp-content\/uploads\/2025\/06\/Elub-Ecommerce-logo.png","contentUrl":"https:\/\/elub.mx\/shop\/wp-content\/uploads\/2025\/06\/Elub-Ecommerce-logo.png","width":196,"height":70,"caption":"Elub Shop"},"image":{"@id":"https:\/\/elub.mx\/shop\/#\/schema\/logo\/image\/"},"sameAs":["https:\/\/www.facebook.com\/eLubcdmx","https:\/\/www.instagram.com\/mobilcdmx\/","https:\/\/www.youtube.com\/channel\/UCx1-qDIyBuXTtI1Ylff9Mvg","https:\/\/www.linkedin.com\/company\/energia-y-lubricantes-especializados-s-a-de-c-v\/mycompany\/"]}]}},"_links":{"self":[{"href":"https:\/\/elub.mx\/shop\/wp-json\/wp\/v2\/pages\/191","targetHints":{"allow":["GET"]}}],"collection":[{"href":"https:\/\/elub.mx\/shop\/wp-json\/wp\/v2\/pages"}],"about":[{"href":"https:\/\/elub.mx\/shop\/wp-json\/wp\/v2\/types\/page"}],"author":[{"embeddable":true,"href":"https:\/\/elub.mx\/shop\/wp-json\/wp\/v2\/users\/1"}],"replies":[{"embeddable":true,"href":"https:\/\/elub.mx\/shop\/wp-json\/wp\/v2\/comments?post=191"}],"version-history":[{"count":3,"href":"https:\/\/elub.mx\/shop\/wp-json\/wp\/v2\/pages\/191\/revisions"}],"predecessor-version":[{"id":194,"href":"https:\/\/elub.mx\/shop\/wp-json\/wp\/v2\/pages\/191\/revisions\/194"}],"wp:attachment":[{"href":"https:\/\/elub.mx\/shop\/wp-json\/wp\/v2\/media?parent=191"}],"curies":[{"name":"wp","href":"https:\/\/api.w.org\/{rel}","templated":true}]}}