{"id":205,"date":"2025-07-22T19:25:21","date_gmt":"2025-07-22T17:25:21","guid":{"rendered":"https:\/\/elub.mx\/shop\/?page_id=205"},"modified":"2025-07-22T19:31:46","modified_gmt":"2025-07-22T17:31:46","slug":"facturacion","status":"publish","type":"page","link":"https:\/\/elub.mx\/shop\/facturacion\/","title":{"rendered":"Facturaci\u00f3n"},"content":{"rendered":"<p>\u00a1Gracias por tu compra! Para solicitar tu factura, por favor, ten a la mano tu <b>ticket de compra<\/b> o <b>n\u00famero de pedido<\/b> y env\u00edanos un correo electr\u00f3nico a <a href=\"mailto:lpalacios@essexlub.com.mx\"><b>lpalacios@essexlub.com.mx<\/b><\/a>\u00a0con los siguientes datos:<\/p>\n<ul>\n<li><b>N\u00famero de Ticket o Pedido:<\/b><\/li>\n<li><b>Raz\u00f3n Social:<\/b><\/li>\n<li><b>RFC:<\/b><\/li>\n<li><b>Uso de CFDI:<\/b><\/li>\n<li><strong>Forma de Pago<\/strong><\/li>\n<li><strong>Clave interna R\u00e9gimen<\/strong><\/li>\n<li><b>Domicilio Fiscal:<\/b> (Calle, n\u00famero exterior\/interior, colonia, c\u00f3digo postal, municipio, estado)<\/li>\n<li><b>Correo Electr\u00f3nico para env\u00edo de factura:<\/b><\/li>\n<\/ul>\n<p>Es importante que que la factura la solicites en las primeras <b>24 horas h\u00e1biles<\/b> despu\u00e9s de tu solicitud. Una vez generada, recibir\u00e1s tu factura en el correo electr\u00f3nico que nos proporciones.<\/p>\n<p>Si tienes alguna duda o necesitas asistencia, no dudes en contactarnos. \u00a1Estamos para ayudarte!<\/p>\n","protected":false},"excerpt":{"rendered":"<p>\u00a1Gracias por tu compra! Para solicitar tu factura, por favor, ten a la mano tu ticket de compra o n\u00famero<\/p>\n","protected":false},"author":1,"featured_media":0,"parent":0,"menu_order":0,"comment_status":"closed","ping_status":"closed","template":"","meta":{"footnotes":""},"class_list":["post-205","page","type-page","status-publish","hentry"],"yoast_head":"<!-- This site is optimized with the Yoast SEO plugin v27.2 - https:\/\/yoast.com\/product\/yoast-seo-wordpress\/ -->\n<title>Facturaci\u00f3n - Elub Shop<\/title>\n<meta name=\"robots\" content=\"index, follow, max-snippet:-1, max-image-preview:large, max-video-preview:-1\" \/>\n<link rel=\"canonical\" href=\"https:\/\/elub.mx\/shop\/facturacion\/\" \/>\n<meta property=\"og:locale\" content=\"es_ES\" \/>\n<meta property=\"og:type\" content=\"article\" \/>\n<meta property=\"og:title\" content=\"Facturaci\u00f3n - Elub Shop\" \/>\n<meta property=\"og:description\" content=\"\u00a1Gracias por tu compra! Para solicitar tu factura, por favor, ten a la mano tu ticket de compra o n\u00famero\" \/>\n<meta property=\"og:url\" content=\"https:\/\/elub.mx\/shop\/facturacion\/\" \/>\n<meta property=\"og:site_name\" content=\"Elub Shop\" \/>\n<meta property=\"article:publisher\" content=\"https:\/\/www.facebook.com\/eLubcdmx\" \/>\n<meta property=\"article:modified_time\" content=\"2025-07-22T17:31:46+00:00\" \/>\n<meta name=\"twitter:card\" content=\"summary_large_image\" \/>\n<meta name=\"twitter:label1\" content=\"Tiempo de lectura\" \/>\n\t<meta name=\"twitter:data1\" content=\"1 minuto\" \/>\n<script type=\"application\/ld+json\" class=\"yoast-schema-graph\">{\"@context\":\"https:\/\/schema.org\",\"@graph\":[{\"@type\":\"WebPage\",\"@id\":\"https:\/\/elub.mx\/shop\/facturacion\/\",\"url\":\"https:\/\/elub.mx\/shop\/facturacion\/\",\"name\":\"Facturaci\u00f3n - Elub Shop\",\"isPartOf\":{\"@id\":\"https:\/\/elub.mx\/shop\/#website\"},\"datePublished\":\"2025-07-22T17:25:21+00:00\",\"dateModified\":\"2025-07-22T17:31:46+00:00\",\"breadcrumb\":{\"@id\":\"https:\/\/elub.mx\/shop\/facturacion\/#breadcrumb\"},\"inLanguage\":\"es\",\"potentialAction\":[{\"@type\":\"ReadAction\",\"target\":[\"https:\/\/elub.mx\/shop\/facturacion\/\"]}]},{\"@type\":\"BreadcrumbList\",\"@id\":\"https:\/\/elub.mx\/shop\/facturacion\/#breadcrumb\",\"itemListElement\":[{\"@type\":\"ListItem\",\"position\":1,\"name\":\"Portada\",\"item\":\"https:\/\/elub.mx\/shop\/\"},{\"@type\":\"ListItem\",\"position\":2,\"name\":\"Facturaci\u00f3n\"}]},{\"@type\":\"WebSite\",\"@id\":\"https:\/\/elub.mx\/shop\/#website\",\"url\":\"https:\/\/elub.mx\/shop\/\",\"name\":\"Elub Shop\",\"description\":\"\",\"publisher\":{\"@id\":\"https:\/\/elub.mx\/shop\/#organization\"},\"potentialAction\":[{\"@type\":\"SearchAction\",\"target\":{\"@type\":\"EntryPoint\",\"urlTemplate\":\"https:\/\/elub.mx\/shop\/?s={search_term_string}\"},\"query-input\":{\"@type\":\"PropertyValueSpecification\",\"valueRequired\":true,\"valueName\":\"search_term_string\"}}],\"inLanguage\":\"es\"},{\"@type\":\"Organization\",\"@id\":\"https:\/\/elub.mx\/shop\/#organization\",\"name\":\"Elub Shop\",\"url\":\"https:\/\/elub.mx\/shop\/\",\"logo\":{\"@type\":\"ImageObject\",\"inLanguage\":\"es\",\"@id\":\"https:\/\/elub.mx\/shop\/#\/schema\/logo\/image\/\",\"url\":\"https:\/\/elub.mx\/shop\/wp-content\/uploads\/2025\/06\/Elub-Ecommerce-logo.png\",\"contentUrl\":\"https:\/\/elub.mx\/shop\/wp-content\/uploads\/2025\/06\/Elub-Ecommerce-logo.png\",\"width\":196,\"height\":70,\"caption\":\"Elub Shop\"},\"image\":{\"@id\":\"https:\/\/elub.mx\/shop\/#\/schema\/logo\/image\/\"},\"sameAs\":[\"https:\/\/www.facebook.com\/eLubcdmx\",\"https:\/\/www.instagram.com\/mobilcdmx\/\",\"https:\/\/www.youtube.com\/channel\/UCx1-qDIyBuXTtI1Ylff9Mvg\",\"https:\/\/www.linkedin.com\/company\/energia-y-lubricantes-especializados-s-a-de-c-v\/mycompany\/\"]}]}<\/script>\n<!-- \/ Yoast SEO plugin. -->","yoast_head_json":{"title":"Facturaci\u00f3n - Elub Shop","robots":{"index":"index","follow":"follow","max-snippet":"max-snippet:-1","max-image-preview":"max-image-preview:large","max-video-preview":"max-video-preview:-1"},"canonical":"https:\/\/elub.mx\/shop\/facturacion\/","og_locale":"es_ES","og_type":"article","og_title":"Facturaci\u00f3n - Elub Shop","og_description":"\u00a1Gracias por tu compra! Para solicitar tu factura, por favor, ten a la mano tu ticket de compra o n\u00famero","og_url":"https:\/\/elub.mx\/shop\/facturacion\/","og_site_name":"Elub Shop","article_publisher":"https:\/\/www.facebook.com\/eLubcdmx","article_modified_time":"2025-07-22T17:31:46+00:00","twitter_card":"summary_large_image","twitter_misc":{"Tiempo de lectura":"1 minuto"},"schema":{"@context":"https:\/\/schema.org","@graph":[{"@type":"WebPage","@id":"https:\/\/elub.mx\/shop\/facturacion\/","url":"https:\/\/elub.mx\/shop\/facturacion\/","name":"Facturaci\u00f3n - Elub Shop","isPartOf":{"@id":"https:\/\/elub.mx\/shop\/#website"},"datePublished":"2025-07-22T17:25:21+00:00","dateModified":"2025-07-22T17:31:46+00:00","breadcrumb":{"@id":"https:\/\/elub.mx\/shop\/facturacion\/#breadcrumb"},"inLanguage":"es","potentialAction":[{"@type":"ReadAction","target":["https:\/\/elub.mx\/shop\/facturacion\/"]}]},{"@type":"BreadcrumbList","@id":"https:\/\/elub.mx\/shop\/facturacion\/#breadcrumb","itemListElement":[{"@type":"ListItem","position":1,"name":"Portada","item":"https:\/\/elub.mx\/shop\/"},{"@type":"ListItem","position":2,"name":"Facturaci\u00f3n"}]},{"@type":"WebSite","@id":"https:\/\/elub.mx\/shop\/#website","url":"https:\/\/elub.mx\/shop\/","name":"Elub Shop","description":"","publisher":{"@id":"https:\/\/elub.mx\/shop\/#organization"},"potentialAction":[{"@type":"SearchAction","target":{"@type":"EntryPoint","urlTemplate":"https:\/\/elub.mx\/shop\/?s={search_term_string}"},"query-input":{"@type":"PropertyValueSpecification","valueRequired":true,"valueName":"search_term_string"}}],"inLanguage":"es"},{"@type":"Organization","@id":"https:\/\/elub.mx\/shop\/#organization","name":"Elub Shop","url":"https:\/\/elub.mx\/shop\/","logo":{"@type":"ImageObject","inLanguage":"es","@id":"https:\/\/elub.mx\/shop\/#\/schema\/logo\/image\/","url":"https:\/\/elub.mx\/shop\/wp-content\/uploads\/2025\/06\/Elub-Ecommerce-logo.png","contentUrl":"https:\/\/elub.mx\/shop\/wp-content\/uploads\/2025\/06\/Elub-Ecommerce-logo.png","width":196,"height":70,"caption":"Elub Shop"},"image":{"@id":"https:\/\/elub.mx\/shop\/#\/schema\/logo\/image\/"},"sameAs":["https:\/\/www.facebook.com\/eLubcdmx","https:\/\/www.instagram.com\/mobilcdmx\/","https:\/\/www.youtube.com\/channel\/UCx1-qDIyBuXTtI1Ylff9Mvg","https:\/\/www.linkedin.com\/company\/energia-y-lubricantes-especializados-s-a-de-c-v\/mycompany\/"]}]}},"_links":{"self":[{"href":"https:\/\/elub.mx\/shop\/wp-json\/wp\/v2\/pages\/205","targetHints":{"allow":["GET"]}}],"collection":[{"href":"https:\/\/elub.mx\/shop\/wp-json\/wp\/v2\/pages"}],"about":[{"href":"https:\/\/elub.mx\/shop\/wp-json\/wp\/v2\/types\/page"}],"author":[{"embeddable":true,"href":"https:\/\/elub.mx\/shop\/wp-json\/wp\/v2\/users\/1"}],"replies":[{"embeddable":true,"href":"https:\/\/elub.mx\/shop\/wp-json\/wp\/v2\/comments?post=205"}],"version-history":[{"count":4,"href":"https:\/\/elub.mx\/shop\/wp-json\/wp\/v2\/pages\/205\/revisions"}],"predecessor-version":[{"id":210,"href":"https:\/\/elub.mx\/shop\/wp-json\/wp\/v2\/pages\/205\/revisions\/210"}],"wp:attachment":[{"href":"https:\/\/elub.mx\/shop\/wp-json\/wp\/v2\/media?parent=205"}],"curies":[{"name":"wp","href":"https:\/\/api.w.org\/{rel}","templated":true}]}}